{"id":5985,"date":"2025-03-10T21:59:44","date_gmt":"2025-03-10T20:59:44","guid":{"rendered":"https:\/\/avenir.cd\/?page_id=5985"},"modified":"2025-03-12T10:12:03","modified_gmt":"2025-03-12T09:12:03","slug":"suivi-evaluation-communication-et-gestion-des-savoirs","status":"publish","type":"page","link":"https:\/\/avenir.cd\/en\/composantes\/suivi-evaluation-communication-et-gestion-des-savoirs\/","title":{"rendered":"Suivi-Evaluation, Communication et Gestion des savoirs"},"content":{"rendered":"<div data-elementor-type=\"wp-page\" data-elementor-id=\"5985\" class=\"elementor elementor-5985\" data-elementor-post-type=\"page\">\n\t\t\t\t\t\t<section class=\"elementor-section elementor-top-section elementor-element elementor-element-b960e94 elementor-section-boxed elementor-section-height-default elementor-section-height-default\" data-id=\"b960e94\" data-element_type=\"section\" data-settings=\"{&quot;background_background&quot;:&quot;classic&quot;,&quot;ekit_has_onepagescroll_dot&quot;:&quot;yes&quot;}\">\n\t\t\t\t\t\t<div class=\"elementor-container elementor-column-gap-default\">\n\t\t\t\t\t<div class=\"elementor-column elementor-col-100 elementor-top-column elementor-element elementor-element-b1bbc9c\" data-id=\"b1bbc9c\" data-element_type=\"column\">\n\t\t\t<div class=\"elementor-widget-wrap elementor-element-populated\">\n\t\t\t\t\t\t<div class=\"elementor-element elementor-element-d3a22fb elementor-widget elementor-widget-spacer\" data-id=\"d3a22fb\" data-element_type=\"widget\" data-settings=\"{&quot;ekit_we_effect_on&quot;:&quot;none&quot;}\" data-widget_type=\"spacer.default\">\n\t\t\t\t<div class=\"elementor-widget-container\">\n\t\t\t\t\t<div class=\"elementor-spacer\">\n\t\t\t<div class=\"elementor-spacer-inner\"><\/div>\n\t\t<\/div>\n\t\t\t\t<\/div>\n\t\t\t\t<\/div>\n\t\t\t\t\t<\/div>\n\t\t<\/div>\n\t\t\t\t\t<\/div>\n\t\t<\/section>\n\t\t\t\t<section class=\"elementor-section elementor-top-section elementor-element elementor-element-423d584 elementor-section-boxed elementor-section-height-default elementor-section-height-default\" data-id=\"423d584\" data-element_type=\"section\" data-settings=\"{&quot;ekit_has_onepagescroll_dot&quot;:&quot;yes&quot;}\">\n\t\t\t\t\t\t<div class=\"elementor-container elementor-column-gap-default\">\n\t\t\t\t\t<div class=\"elementor-column elementor-col-100 elementor-top-column elementor-element elementor-element-8c905a3\" data-id=\"8c905a3\" data-element_type=\"column\">\n\t\t\t<div class=\"elementor-widget-wrap elementor-element-populated\">\n\t\t\t\t\t\t<section class=\"elementor-section elementor-inner-section elementor-element elementor-element-29141c1 elementor-section-boxed elementor-section-height-default elementor-section-height-default\" data-id=\"29141c1\" data-element_type=\"section\" data-settings=\"{&quot;background_background&quot;:&quot;classic&quot;,&quot;ekit_has_onepagescroll_dot&quot;:&quot;yes&quot;}\">\n\t\t\t\t\t\t<div class=\"elementor-container elementor-column-gap-default\">\n\t\t\t\t\t<div class=\"elementor-column elementor-col-100 elementor-inner-column elementor-element elementor-element-0f5f0a3\" data-id=\"0f5f0a3\" data-element_type=\"column\">\n\t\t\t<div class=\"elementor-widget-wrap elementor-element-populated\">\n\t\t\t\t\t\t<div class=\"elementor-element elementor-element-9188336 align-center heading-style-1 elementor-widget elementor-widget-mae-headings\" data-id=\"9188336\" data-element_type=\"widget\" data-settings=\"{&quot;ekit_we_effect_on&quot;:&quot;none&quot;}\" data-widget_type=\"mae-headings.default\">\n\t\t\t\t<div class=\"elementor-widget-container\">\n\t\t\t\t\t<div class=\"master-heading sep-before\">\n\t\t\t\t        \t        \t<div class=\"pre-heading\"><span class=\"line\"><span class=\"inner\"><\/span><\/span>AVENIR<\/div>\n\t        \n\t        <div class=\"sep\"><\/div>\n\t        \t        <h2 class=\"main-heading\">monitoring-evaluation and knowledge<\/h2>\n\t        \n\t        \n\t        \t    <\/div>\n\t    \t\t<\/div>\n\t\t\t\t<\/div>\n\t\t\t\t\t<\/div>\n\t\t<\/div>\n\t\t\t\t\t<\/div>\n\t\t<\/section>\n\t\t\t\t\t<\/div>\n\t\t<\/div>\n\t\t\t\t\t<\/div>\n\t\t<\/section>\n\t\t\t\t<section class=\"elementor-section elementor-top-section elementor-element elementor-element-f78376d elementor-section-boxed elementor-section-height-default elementor-section-height-default\" data-id=\"f78376d\" data-element_type=\"section\" data-settings=\"{&quot;ekit_has_onepagescroll_dot&quot;:&quot;yes&quot;}\">\n\t\t\t\t\t\t<div class=\"elementor-container elementor-column-gap-default\">\n\t\t\t\t\t<div class=\"elementor-column elementor-col-100 elementor-top-column elementor-element elementor-element-b1c9cfa\" data-id=\"b1c9cfa\" data-element_type=\"column\">\n\t\t\t<div class=\"elementor-widget-wrap elementor-element-populated\">\n\t\t\t\t\t\t<section class=\"elementor-section elementor-inner-section elementor-element elementor-element-feeaa2a elementor-section-boxed elementor-section-height-default elementor-section-height-default\" data-id=\"feeaa2a\" data-element_type=\"section\" data-settings=\"{&quot;ekit_has_onepagescroll_dot&quot;:&quot;yes&quot;}\">\n\t\t\t\t\t\t<div class=\"elementor-container elementor-column-gap-default\">\n\t\t\t\t\t<div class=\"elementor-column elementor-col-100 elementor-inner-column elementor-element elementor-element-18bf8d7\" data-id=\"18bf8d7\" data-element_type=\"column\">\n\t\t\t<div class=\"elementor-widget-wrap elementor-element-populated\">\n\t\t\t\t\t\t<div class=\"elementor-element elementor-element-56ca1f6 elementor-widget elementor-widget-elementskit-timeline\" data-id=\"56ca1f6\" data-element_type=\"widget\" data-settings=\"{&quot;ekit_we_effect_on&quot;:&quot;none&quot;}\" data-widget_type=\"elementskit-timeline.default\">\n\t\t\t\t<div class=\"elementor-widget-container\">\n\t\t\t<div class=\"ekit-wid-con\" >        <div class=\"timeline-area vertical-timeline multi-gradient floating-style bothside\" > \n\n         \n                    <div class=\"single-timeline media single-timeline-count-1 elementor-repeater-item-75bbf85\" >\n                            <div class=\"timeline-item media elementskit-invisible\" data-settings=\"{&quot;_animation&quot;:&quot;fadeInLeft&quot;}\">\n                                <div class=\"timeline-content\">\n\n                                     \n                                                                            <h3 class=\"title\">monitoring-evaluation and knowledge<\/h3>\n                                    \n                                                                  <p>The Monitoring and Evaluation System (MES) set up by the project is an effective tool providing the necessary information in a timely manner and generating data useful for the conduct of the Project and includes the following tools: (i) the baseline study; (ii) monitoring of samples to monitor the impact at the household level; (iii) monitoring and control of physical and quantitative achievements with a visualization that can help with monitoring and decision-making (dashboard type) aligned with the performance measurement framework and the logical framework; (iv) specific studies and (v) participatory evaluation and capitalization workshops with stakeholders.<br \/>\n\n It will also: (i) be an annual planning tool (coordination of the preparation of the PTBA); (ii) be a tool for monitoring the activities implemented; (iii) inform the various stakeholders of the qualitative and quantitative progress of the Project; (iv) contribute to evaluating the main results of the Project and; (v) consolidate and analyze provincial data to help inform stakeholders and support political dialogue at the national level. Under the responsibility of a specialist, the ESS will include a geographic information system (GIS) for cartographic monitoring of progress. <br \/>\n<strong>Target groups and SES<\/strong>The Project SES is developed with a gender perspective and allows to identify, monitor and evaluate the target groups disaggregated by women, youth, men, PSH and IP. These targets are defined in the logical framework, and detailed in the CMR. The dashboard will provide data disaggregated by semi-wholesale market, production basin and site, province as well as by target group. All studies will be presented with disaggregated data, including impact surveys to monitor the integration of the gender strategy. <br \/>\n<strong>Knowledge management and change of scale <\/strong>\nThe Project will capitalize on the experiences acquired in order to contribute to national sectoral policies by providing evidence demonstrating that: (i) the transformation of family farming driven by markets and inclusive entrepreneurship contributes to the reduction of poverty in rural areas; (ii) entrepreneurial incubation and agricultural inter-professional systems enable a change in scale in the volumes of agricultural products valued and marketed; (iii) the integrated territorial approach centered on MDGs as essential links between production basins and urban markets, particularly that of Kinshasa, creates poles of economic attractiveness; (iv) the approach to planning and participatory environmental management of production basins promotes adaptation and mitigation to climate change. <br \/>\nThe Project will also benefit from the achievements of ongoing IFAD projects and other technical and financial partners (notably AFD, CAFI). AVENIR will also benefit from the experience of IFAD projects with similar approaches such as the PEA-Jeunes projects in Cameroon and ProDAF in Niger, the EAFF e-granary project in East Africa (supported by a FO4ACP regional grant), the UNIDO Bambou project, FAO's Rural Invest software, and other technical and financial partners, particularly from the banking sector in the DRC and the sub-region \n<br \/>\n<\/p>\n                              \n\n\n                            \n                                <\/div><!-- .timeline-content END -->\n                                                                 <div class=\"timeline-icon\">\n                                <i aria-hidden=\"true\" class=\"icon icon-laptop1\"><\/i>                                <\/div>\n\n                                                        <div class=\"watermark-icon\">\n                                <i aria-hidden=\"true\" class=\"icon icon-laptop1\"><\/i>                            <\/div>\n                                                          <div class=\"timeline-pin\"><\/div>\n                            <\/div><!-- .timeline-item .media END -->\n\n                    \n                    <div class=\"timeline-info elementskit-invisible\" data-settings=\"{&quot;_animation&quot;:&quot;fadeInRight&quot;}\">\n                    \n                    <h4 class=\"date\">\n                                        Volet 3.2.1 <\/h4>\n\n                                         <\/div>\n\n                                    <div class=\"timeline-img\"><\/div>\n\n\n           \n                        <\/div><!-- .single-timeline .media END -->\n           <div class=\"timeline-bar\"><\/div>\n    <\/div><\/div>\t\t<\/div>\n\t\t\t\t<\/div>\n\t\t\t\t\t<\/div>\n\t\t<\/div>\n\t\t\t\t\t<\/div>\n\t\t<\/section>\n\t\t\t\t\t<\/div>\n\t\t<\/div>\n\t\t\t\t\t<\/div>\n\t\t<\/section>\n\t\t\t\t<\/div>","protected":false},"excerpt":{"rendered":"<p>AVENIR Suivi-\u00e9valuation et gestion des savoirs Suivi-\u00e9valuation et gestion des savoirs Le Syst\u00e8me de Suivi-\u00e9valuation (SSE) mise en place par le projet est un outil efficace fournissant l&rsquo;information n\u00e9cessaire en temps opportun et g\u00e9n\u00e9rant des donn\u00e9es utiles \u00e0 la conduite du Projet et comprend les outils suivants : (i) l\u2019\u00e9tude<\/p>","protected":false},"author":1,"featured_media":0,"parent":4175,"menu_order":0,"comment_status":"closed","ping_status":"closed","template":"","meta":{"inline_featured_image":false,"footnotes":""},"class_list":["post-5985","page","type-page","status-publish","hentry"],"yoast_head":"<!-- This site is optimized with the Yoast SEO Premium plugin v25.7.1 (Yoast SEO v26.1) - https:\/\/yoast.com\/wordpress\/plugins\/seo\/ -->\n<title>Suivi-Evaluation, Communication et Gestion des savoirs - AVENIR<\/title>\n<meta name=\"robots\" content=\"index, follow, max-snippet:-1, max-image-preview:large, max-video-preview:-1\" \/>\n<link rel=\"canonical\" href=\"https:\/\/avenir.cd\/en\/composantes\/suivi-evaluation-communication-et-gestion-des-savoirs\/\" \/>\n<meta property=\"og:locale\" content=\"en_US\" \/>\n<meta property=\"og:type\" content=\"article\" \/>\n<meta property=\"og:title\" content=\"Suivi-Evaluation, Communication et Gestion des savoirs\" \/>\n<meta property=\"og:description\" content=\"AVENIR Suivi-\u00e9valuation et gestion des savoirs Suivi-\u00e9valuation et gestion des savoirs Le Syst\u00e8me de Suivi-\u00e9valuation (SSE) mise en place par le projet est un outil efficace fournissant l&rsquo;information n\u00e9cessaire en temps opportun et g\u00e9n\u00e9rant des donn\u00e9es utiles \u00e0 la conduite du Projet et comprend les outils suivants : (i) l\u2019\u00e9tude\" \/>\n<meta property=\"og:url\" content=\"https:\/\/avenir.cd\/en\/composantes\/suivi-evaluation-communication-et-gestion-des-savoirs\/\" \/>\n<meta property=\"og:site_name\" content=\"AVENIR\" \/>\n<meta property=\"article:modified_time\" content=\"2025-03-12T09:12:03+00:00\" \/>\n<meta name=\"twitter:card\" content=\"summary_large_image\" \/>\n<meta name=\"twitter:label1\" content=\"Est. reading time\" \/>\n\t<meta name=\"twitter:data1\" content=\"3 minutes\" \/>\n<script type=\"application\/ld+json\" class=\"yoast-schema-graph\">{\"@context\":\"https:\/\/schema.org\",\"@graph\":[{\"@type\":\"WebPage\",\"@id\":\"https:\/\/avenir.cd\/composantes\/suivi-evaluation-communication-et-gestion-des-savoirs\/\",\"url\":\"https:\/\/avenir.cd\/composantes\/suivi-evaluation-communication-et-gestion-des-savoirs\/\",\"name\":\"Suivi-Evaluation, Communication et Gestion des savoirs - AVENIR\",\"isPartOf\":{\"@id\":\"https:\/\/avenir.cd\/#website\"},\"datePublished\":\"2025-03-10T20:59:44+00:00\",\"dateModified\":\"2025-03-12T09:12:03+00:00\",\"breadcrumb\":{\"@id\":\"https:\/\/avenir.cd\/composantes\/suivi-evaluation-communication-et-gestion-des-savoirs\/#breadcrumb\"},\"inLanguage\":\"en-US\",\"potentialAction\":[{\"@type\":\"ReadAction\",\"target\":[\"https:\/\/avenir.cd\/composantes\/suivi-evaluation-communication-et-gestion-des-savoirs\/\"]}]},{\"@type\":\"BreadcrumbList\",\"@id\":\"https:\/\/avenir.cd\/composantes\/suivi-evaluation-communication-et-gestion-des-savoirs\/#breadcrumb\",\"itemListElement\":[{\"@type\":\"ListItem\",\"position\":1,\"name\":\"Accueil\",\"item\":\"https:\/\/avenir.cd\/\"},{\"@type\":\"ListItem\",\"position\":2,\"name\":\"Composantes\",\"item\":\"https:\/\/avenir.cd\/composantes\/\"},{\"@type\":\"ListItem\",\"position\":3,\"name\":\"Suivi-Evaluation, Communication et Gestion des savoirs\"}]},{\"@type\":\"WebSite\",\"@id\":\"https:\/\/avenir.cd\/#website\",\"url\":\"https:\/\/avenir.cd\/\",\"name\":\"AVENIR\",\"description\":\"Apporter la croissance \u00e0 l&#039;entrepreneuriat agricole inclusif et r\u00e9silient\",\"publisher\":{\"@id\":\"https:\/\/avenir.cd\/#organization\"},\"potentialAction\":[{\"@type\":\"SearchAction\",\"target\":{\"@type\":\"EntryPoint\",\"urlTemplate\":\"https:\/\/avenir.cd\/?s={search_term_string}\"},\"query-input\":{\"@type\":\"PropertyValueSpecification\",\"valueRequired\":true,\"valueName\":\"search_term_string\"}}],\"inLanguage\":\"en-US\"},{\"@type\":\"Organization\",\"@id\":\"https:\/\/avenir.cd\/#organization\",\"name\":\"AVENIR\",\"url\":\"https:\/\/avenir.cd\/\",\"logo\":{\"@type\":\"ImageObject\",\"inLanguage\":\"en-US\",\"@id\":\"https:\/\/avenir.cd\/#\/schema\/logo\/image\/\",\"url\":\"https:\/\/avenir.cd\/wp-content\/uploads\/2022\/07\/Logos-Ministeres-AGRICULTURE-white.png\",\"contentUrl\":\"https:\/\/avenir.cd\/wp-content\/uploads\/2022\/07\/Logos-Ministeres-AGRICULTURE-white.png\",\"width\":604,\"height\":170,\"caption\":\"AVENIR\"},\"image\":{\"@id\":\"https:\/\/avenir.cd\/#\/schema\/logo\/image\/\"}}]}<\/script>\n<!-- \/ Yoast SEO Premium plugin. -->","yoast_head_json":{"title":"Suivi-Evaluation, Communication et Gestion des savoirs - AVENIR","robots":{"index":"index","follow":"follow","max-snippet":"max-snippet:-1","max-image-preview":"max-image-preview:large","max-video-preview":"max-video-preview:-1"},"canonical":"https:\/\/avenir.cd\/en\/composantes\/suivi-evaluation-communication-et-gestion-des-savoirs\/","og_locale":"en_US","og_type":"article","og_title":"Suivi-Evaluation, Communication et Gestion des savoirs","og_description":"AVENIR Suivi-\u00e9valuation et gestion des savoirs Suivi-\u00e9valuation et gestion des savoirs Le Syst\u00e8me de Suivi-\u00e9valuation (SSE) mise en place par le projet est un outil efficace fournissant l&rsquo;information n\u00e9cessaire en temps opportun et g\u00e9n\u00e9rant des donn\u00e9es utiles \u00e0 la conduite du Projet et comprend les outils suivants : (i) l\u2019\u00e9tude","og_url":"https:\/\/avenir.cd\/en\/composantes\/suivi-evaluation-communication-et-gestion-des-savoirs\/","og_site_name":"AVENIR","article_modified_time":"2025-03-12T09:12:03+00:00","twitter_card":"summary_large_image","twitter_misc":{"Est. reading time":"3 minutes"},"schema":{"@context":"https:\/\/schema.org","@graph":[{"@type":"WebPage","@id":"https:\/\/avenir.cd\/composantes\/suivi-evaluation-communication-et-gestion-des-savoirs\/","url":"https:\/\/avenir.cd\/composantes\/suivi-evaluation-communication-et-gestion-des-savoirs\/","name":"Suivi-Evaluation, Communication et Gestion des savoirs - AVENIR","isPartOf":{"@id":"https:\/\/avenir.cd\/#website"},"datePublished":"2025-03-10T20:59:44+00:00","dateModified":"2025-03-12T09:12:03+00:00","breadcrumb":{"@id":"https:\/\/avenir.cd\/composantes\/suivi-evaluation-communication-et-gestion-des-savoirs\/#breadcrumb"},"inLanguage":"en-US","potentialAction":[{"@type":"ReadAction","target":["https:\/\/avenir.cd\/composantes\/suivi-evaluation-communication-et-gestion-des-savoirs\/"]}]},{"@type":"BreadcrumbList","@id":"https:\/\/avenir.cd\/composantes\/suivi-evaluation-communication-et-gestion-des-savoirs\/#breadcrumb","itemListElement":[{"@type":"ListItem","position":1,"name":"Accueil","item":"https:\/\/avenir.cd\/"},{"@type":"ListItem","position":2,"name":"Composantes","item":"https:\/\/avenir.cd\/composantes\/"},{"@type":"ListItem","position":3,"name":"Suivi-Evaluation, Communication et Gestion des savoirs"}]},{"@type":"WebSite","@id":"https:\/\/avenir.cd\/#website","url":"https:\/\/avenir.cd\/","name":"AVENIR","description":"Apporter la croissance \u00e0 l&#039;entrepreneuriat agricole inclusif et r\u00e9silient","publisher":{"@id":"https:\/\/avenir.cd\/#organization"},"potentialAction":[{"@type":"SearchAction","target":{"@type":"EntryPoint","urlTemplate":"https:\/\/avenir.cd\/?s={search_term_string}"},"query-input":{"@type":"PropertyValueSpecification","valueRequired":true,"valueName":"search_term_string"}}],"inLanguage":"en-US"},{"@type":"Organization","@id":"https:\/\/avenir.cd\/#organization","name":"AVENIR","url":"https:\/\/avenir.cd\/","logo":{"@type":"ImageObject","inLanguage":"en-US","@id":"https:\/\/avenir.cd\/#\/schema\/logo\/image\/","url":"https:\/\/avenir.cd\/wp-content\/uploads\/2022\/07\/Logos-Ministeres-AGRICULTURE-white.png","contentUrl":"https:\/\/avenir.cd\/wp-content\/uploads\/2022\/07\/Logos-Ministeres-AGRICULTURE-white.png","width":604,"height":170,"caption":"AVENIR"},"image":{"@id":"https:\/\/avenir.cd\/#\/schema\/logo\/image\/"}}]}},"_links":{"self":[{"href":"https:\/\/avenir.cd\/en\/wp-json\/wp\/v2\/pages\/5985","targetHints":{"allow":["GET"]}}],"collection":[{"href":"https:\/\/avenir.cd\/en\/wp-json\/wp\/v2\/pages"}],"about":[{"href":"https:\/\/avenir.cd\/en\/wp-json\/wp\/v2\/types\/page"}],"author":[{"embeddable":true,"href":"https:\/\/avenir.cd\/en\/wp-json\/wp\/v2\/users\/1"}],"replies":[{"embeddable":true,"href":"https:\/\/avenir.cd\/en\/wp-json\/wp\/v2\/comments?post=5985"}],"version-history":[{"count":13,"href":"https:\/\/avenir.cd\/en\/wp-json\/wp\/v2\/pages\/5985\/revisions"}],"predecessor-version":[{"id":6005,"href":"https:\/\/avenir.cd\/en\/wp-json\/wp\/v2\/pages\/5985\/revisions\/6005"}],"up":[{"embeddable":true,"href":"https:\/\/avenir.cd\/en\/wp-json\/wp\/v2\/pages\/4175"}],"wp:attachment":[{"href":"https:\/\/avenir.cd\/en\/wp-json\/wp\/v2\/media?parent=5985"}],"curies":[{"name":"wp","href":"https:\/\/api.w.org\/{rel}","templated":true}]}}