{"id":5983,"date":"2025-03-10T21:57:49","date_gmt":"2025-03-10T20:57:49","guid":{"rendered":"https:\/\/avenir.cd\/?page_id=5983"},"modified":"2025-03-12T10:02:37","modified_gmt":"2025-03-12T09:02:37","slug":"gestion-du-projet","status":"publish","type":"page","link":"https:\/\/avenir.cd\/en\/composantes\/gestion-du-projet\/","title":{"rendered":"Project coordination"},"content":{"rendered":"<div data-elementor-type=\"wp-page\" data-elementor-id=\"5983\" class=\"elementor elementor-5983\" data-elementor-post-type=\"page\">\n\t\t\t\t\t\t<section class=\"elementor-section elementor-top-section elementor-element elementor-element-ca5d1a2 elementor-section-boxed elementor-section-height-default elementor-section-height-default\" data-id=\"ca5d1a2\" data-element_type=\"section\" data-settings=\"{&quot;background_background&quot;:&quot;classic&quot;,&quot;ekit_has_onepagescroll_dot&quot;:&quot;yes&quot;}\">\n\t\t\t\t\t\t<div class=\"elementor-container elementor-column-gap-default\">\n\t\t\t\t\t<div class=\"elementor-column elementor-col-100 elementor-top-column elementor-element elementor-element-9d4cee3\" data-id=\"9d4cee3\" data-element_type=\"column\">\n\t\t\t<div class=\"elementor-widget-wrap elementor-element-populated\">\n\t\t\t\t\t\t<div class=\"elementor-element elementor-element-5436f40 elementor-widget elementor-widget-spacer\" data-id=\"5436f40\" data-element_type=\"widget\" data-settings=\"{&quot;ekit_we_effect_on&quot;:&quot;none&quot;}\" data-widget_type=\"spacer.default\">\n\t\t\t\t<div class=\"elementor-widget-container\">\n\t\t\t\t\t<div class=\"elementor-spacer\">\n\t\t\t<div class=\"elementor-spacer-inner\"><\/div>\n\t\t<\/div>\n\t\t\t\t<\/div>\n\t\t\t\t<\/div>\n\t\t\t\t\t<\/div>\n\t\t<\/div>\n\t\t\t\t\t<\/div>\n\t\t<\/section>\n\t\t\t\t<section class=\"elementor-section elementor-top-section elementor-element elementor-element-afdf18c elementor-section-boxed elementor-section-height-default elementor-section-height-default\" data-id=\"afdf18c\" data-element_type=\"section\" data-settings=\"{&quot;ekit_has_onepagescroll_dot&quot;:&quot;yes&quot;}\">\n\t\t\t\t\t\t<div class=\"elementor-container elementor-column-gap-default\">\n\t\t\t\t\t<div class=\"elementor-column elementor-col-100 elementor-top-column elementor-element elementor-element-8895fae\" data-id=\"8895fae\" data-element_type=\"column\">\n\t\t\t<div class=\"elementor-widget-wrap elementor-element-populated\">\n\t\t\t\t\t\t<section class=\"elementor-section elementor-inner-section elementor-element elementor-element-4552d80 elementor-section-boxed elementor-section-height-default elementor-section-height-default\" data-id=\"4552d80\" data-element_type=\"section\" data-settings=\"{&quot;background_background&quot;:&quot;classic&quot;,&quot;ekit_has_onepagescroll_dot&quot;:&quot;yes&quot;}\">\n\t\t\t\t\t\t<div class=\"elementor-container elementor-column-gap-default\">\n\t\t\t\t\t<div class=\"elementor-column elementor-col-100 elementor-inner-column elementor-element elementor-element-22773e6\" data-id=\"22773e6\" data-element_type=\"column\">\n\t\t\t<div class=\"elementor-widget-wrap elementor-element-populated\">\n\t\t\t\t\t\t<div class=\"elementor-element elementor-element-f947b13 align-center heading-style-1 elementor-widget elementor-widget-mae-headings\" data-id=\"f947b13\" data-element_type=\"widget\" data-settings=\"{&quot;ekit_we_effect_on&quot;:&quot;none&quot;}\" data-widget_type=\"mae-headings.default\">\n\t\t\t\t<div class=\"elementor-widget-container\">\n\t\t\t\t\t<div class=\"master-heading sep-before\">\n\t\t\t\t        \t        \t<div class=\"pre-heading\"><span class=\"line\"><span class=\"inner\"><\/span><\/span>AVENIR<\/div>\n\t        \n\t        <div class=\"sep\"><\/div>\n\t        \t        <h2 class=\"main-heading\">Project coordination and management<\/h2>\n\t        \n\t        \n\t        \t    <\/div>\n\t    \t\t<\/div>\n\t\t\t\t<\/div>\n\t\t\t\t\t<\/div>\n\t\t<\/div>\n\t\t\t\t\t<\/div>\n\t\t<\/section>\n\t\t\t\t\t<\/div>\n\t\t<\/div>\n\t\t\t\t\t<\/div>\n\t\t<\/section>\n\t\t\t\t<section class=\"elementor-section elementor-top-section elementor-element elementor-element-e1d7c27 elementor-section-boxed elementor-section-height-default elementor-section-height-default\" data-id=\"e1d7c27\" data-element_type=\"section\" data-settings=\"{&quot;ekit_has_onepagescroll_dot&quot;:&quot;yes&quot;}\">\n\t\t\t\t\t\t<div class=\"elementor-container elementor-column-gap-default\">\n\t\t\t\t\t<div class=\"elementor-column elementor-col-100 elementor-top-column elementor-element elementor-element-a9204d6\" data-id=\"a9204d6\" data-element_type=\"column\">\n\t\t\t<div class=\"elementor-widget-wrap elementor-element-populated\">\n\t\t\t\t\t\t<section class=\"elementor-section elementor-inner-section elementor-element elementor-element-0c52390 elementor-section-boxed elementor-section-height-default elementor-section-height-default\" data-id=\"0c52390\" data-element_type=\"section\" data-settings=\"{&quot;ekit_has_onepagescroll_dot&quot;:&quot;yes&quot;}\">\n\t\t\t\t\t\t<div class=\"elementor-container elementor-column-gap-default\">\n\t\t\t\t\t<div class=\"elementor-column elementor-col-100 elementor-inner-column elementor-element elementor-element-8cb90f7\" data-id=\"8cb90f7\" data-element_type=\"column\">\n\t\t\t<div class=\"elementor-widget-wrap elementor-element-populated\">\n\t\t\t\t\t\t<div class=\"elementor-element elementor-element-ceea6c9 elementor-widget elementor-widget-elementskit-timeline\" data-id=\"ceea6c9\" data-element_type=\"widget\" data-settings=\"{&quot;ekit_we_effect_on&quot;:&quot;none&quot;}\" data-widget_type=\"elementskit-timeline.default\">\n\t\t\t\t<div class=\"elementor-widget-container\">\n\t\t\t<div class=\"ekit-wid-con\" >        <div class=\"timeline-area vertical-timeline multi-gradient floating-style bothside\" > \n\n         \n                    <div class=\"single-timeline media single-timeline-count-1 elementor-repeater-item-75bbf85\" >\n                            <div class=\"timeline-item media elementskit-invisible\" data-settings=\"{&quot;_animation&quot;:&quot;fadeInLeft&quot;}\">\n                                <div class=\"timeline-content\">\n\n                                     \n                                                                            <h3 class=\"title\">Project coordination and management <\/h3>\n                                    \n                                                                  <p>The Project is placed under the administrative supervision of the Ministry of Agriculture and Food Security. Strategic direction is provided by the National Project Steering Committee (COPIL) composed of representatives of the various ministries and representatives of producer organizations. The COPIL examines overall progress and validates the PTBAs.<br \/>\n\nThe Project Management Unit (PMU) is delegated to the Project Management Unit (PMU) which is part of the Ministry of Agriculture and Food Security and which has administrative and financial management autonomy by being accountable to the Ministry of Finance for the use of funds. The PMU ensures fiduciary and operational management responsibilities including planning, administrative and financial management, implementation and technical supervision of implementing partners (including procurement, auditing, knowledge management and knowledge production and the Monitoring and Evaluation System). The PMU headquarters is located in Kikwit (Kwilu province) with four branches located in each intervention zone. \n<\/p>\n                              \n\n\n                            \n                                <\/div><!-- .timeline-content END -->\n                                                                 <div class=\"timeline-icon\">\n                                <i aria-hidden=\"true\" class=\"icon icon-folder1\"><\/i>                                <\/div>\n\n                                                        <div class=\"watermark-icon\">\n                                <i aria-hidden=\"true\" class=\"icon icon-folder1\"><\/i>                            <\/div>\n                                                          <div class=\"timeline-pin\"><\/div>\n                            <\/div><!-- .timeline-item .media END -->\n\n                    \n                    <div class=\"timeline-info elementskit-invisible\" data-settings=\"{&quot;_animation&quot;:&quot;fadeInRight&quot;}\">\n                    \n                    <h4 class=\"date\">\n                                        Section 3.1.1 <\/h4>\n\n                                         <\/div>\n\n                                    <div class=\"timeline-img\"><\/div>\n\n\n           \n                        <\/div><!-- .single-timeline .media END -->\n           <div class=\"timeline-bar\"><\/div>\n    <\/div><\/div>\t\t<\/div>\n\t\t\t\t<\/div>\n\t\t\t\t\t<\/div>\n\t\t<\/div>\n\t\t\t\t\t<\/div>\n\t\t<\/section>\n\t\t\t\t\t<\/div>\n\t\t<\/div>\n\t\t\t\t\t<\/div>\n\t\t<\/section>\n\t\t\t\t<\/div>","protected":false},"excerpt":{"rendered":"<p>AVENIR Coordination et gestion du Projet Gestion et coordination du projet Le Projet est plac\u00e9 sous la tutelle administrative du minist\u00e8re de l\u2019Agriculture et s\u00e9curit\u00e9 alimentaire. L\u2019orientation strat\u00e9gique est assur\u00e9e par le Comit\u00e9 national de Pilotage du Projet (COPIL) compos\u00e9 de repr\u00e9sentants des diff\u00e9rents minist\u00e8res et de repr\u00e9sentants des organisations<\/p>","protected":false},"author":1,"featured_media":0,"parent":4175,"menu_order":0,"comment_status":"closed","ping_status":"closed","template":"","meta":{"inline_featured_image":false,"footnotes":""},"class_list":["post-5983","page","type-page","status-publish","hentry"],"yoast_head":"<!-- This site is optimized with the Yoast SEO Premium plugin v25.7.1 (Yoast SEO v26.1) - https:\/\/yoast.com\/wordpress\/plugins\/seo\/ -->\n<title>Gestion du projet - AVENIR<\/title>\n<meta name=\"robots\" content=\"index, follow, max-snippet:-1, max-image-preview:large, max-video-preview:-1\" \/>\n<link rel=\"canonical\" href=\"https:\/\/avenir.cd\/en\/composantes\/gestion-du-projet\/\" \/>\n<meta property=\"og:locale\" content=\"en_US\" \/>\n<meta property=\"og:type\" content=\"article\" \/>\n<meta property=\"og:title\" content=\"Gestion du projet\" \/>\n<meta property=\"og:description\" content=\"AVENIR Coordination et gestion du Projet Gestion et coordination du projet Le Projet est plac\u00e9 sous la tutelle administrative du minist\u00e8re de l\u2019Agriculture et s\u00e9curit\u00e9 alimentaire. L\u2019orientation strat\u00e9gique est assur\u00e9e par le Comit\u00e9 national de Pilotage du Projet (COPIL) compos\u00e9 de repr\u00e9sentants des diff\u00e9rents minist\u00e8res et de repr\u00e9sentants des organisations\" \/>\n<meta property=\"og:url\" content=\"https:\/\/avenir.cd\/en\/composantes\/gestion-du-projet\/\" \/>\n<meta property=\"og:site_name\" content=\"AVENIR\" \/>\n<meta property=\"article:modified_time\" content=\"2025-03-12T09:02:37+00:00\" \/>\n<meta name=\"twitter:card\" content=\"summary_large_image\" \/>\n<meta name=\"twitter:label1\" content=\"Est. reading time\" \/>\n\t<meta name=\"twitter:data1\" content=\"1 minute\" \/>\n<script type=\"application\/ld+json\" class=\"yoast-schema-graph\">{\"@context\":\"https:\/\/schema.org\",\"@graph\":[{\"@type\":\"WebPage\",\"@id\":\"https:\/\/avenir.cd\/composantes\/gestion-du-projet\/\",\"url\":\"https:\/\/avenir.cd\/composantes\/gestion-du-projet\/\",\"name\":\"Gestion du projet - AVENIR\",\"isPartOf\":{\"@id\":\"https:\/\/avenir.cd\/#website\"},\"datePublished\":\"2025-03-10T20:57:49+00:00\",\"dateModified\":\"2025-03-12T09:02:37+00:00\",\"breadcrumb\":{\"@id\":\"https:\/\/avenir.cd\/composantes\/gestion-du-projet\/#breadcrumb\"},\"inLanguage\":\"en-US\",\"potentialAction\":[{\"@type\":\"ReadAction\",\"target\":[\"https:\/\/avenir.cd\/composantes\/gestion-du-projet\/\"]}]},{\"@type\":\"BreadcrumbList\",\"@id\":\"https:\/\/avenir.cd\/composantes\/gestion-du-projet\/#breadcrumb\",\"itemListElement\":[{\"@type\":\"ListItem\",\"position\":1,\"name\":\"Accueil\",\"item\":\"https:\/\/avenir.cd\/\"},{\"@type\":\"ListItem\",\"position\":2,\"name\":\"Composantes\",\"item\":\"https:\/\/avenir.cd\/composantes\/\"},{\"@type\":\"ListItem\",\"position\":3,\"name\":\"Gestion du projet\"}]},{\"@type\":\"WebSite\",\"@id\":\"https:\/\/avenir.cd\/#website\",\"url\":\"https:\/\/avenir.cd\/\",\"name\":\"AVENIR\",\"description\":\"Apporter la croissance \u00e0 l&#039;entrepreneuriat agricole inclusif et r\u00e9silient\",\"publisher\":{\"@id\":\"https:\/\/avenir.cd\/#organization\"},\"potentialAction\":[{\"@type\":\"SearchAction\",\"target\":{\"@type\":\"EntryPoint\",\"urlTemplate\":\"https:\/\/avenir.cd\/?s={search_term_string}\"},\"query-input\":{\"@type\":\"PropertyValueSpecification\",\"valueRequired\":true,\"valueName\":\"search_term_string\"}}],\"inLanguage\":\"en-US\"},{\"@type\":\"Organization\",\"@id\":\"https:\/\/avenir.cd\/#organization\",\"name\":\"AVENIR\",\"url\":\"https:\/\/avenir.cd\/\",\"logo\":{\"@type\":\"ImageObject\",\"inLanguage\":\"en-US\",\"@id\":\"https:\/\/avenir.cd\/#\/schema\/logo\/image\/\",\"url\":\"https:\/\/avenir.cd\/wp-content\/uploads\/2022\/07\/Logos-Ministeres-AGRICULTURE-white.png\",\"contentUrl\":\"https:\/\/avenir.cd\/wp-content\/uploads\/2022\/07\/Logos-Ministeres-AGRICULTURE-white.png\",\"width\":604,\"height\":170,\"caption\":\"AVENIR\"},\"image\":{\"@id\":\"https:\/\/avenir.cd\/#\/schema\/logo\/image\/\"}}]}<\/script>\n<!-- \/ Yoast SEO Premium plugin. -->","yoast_head_json":{"title":"Gestion du projet - AVENIR","robots":{"index":"index","follow":"follow","max-snippet":"max-snippet:-1","max-image-preview":"max-image-preview:large","max-video-preview":"max-video-preview:-1"},"canonical":"https:\/\/avenir.cd\/en\/composantes\/gestion-du-projet\/","og_locale":"en_US","og_type":"article","og_title":"Gestion du projet","og_description":"AVENIR Coordination et gestion du Projet Gestion et coordination du projet Le Projet est plac\u00e9 sous la tutelle administrative du minist\u00e8re de l\u2019Agriculture et s\u00e9curit\u00e9 alimentaire. L\u2019orientation strat\u00e9gique est assur\u00e9e par le Comit\u00e9 national de Pilotage du Projet (COPIL) compos\u00e9 de repr\u00e9sentants des diff\u00e9rents minist\u00e8res et de repr\u00e9sentants des organisations","og_url":"https:\/\/avenir.cd\/en\/composantes\/gestion-du-projet\/","og_site_name":"AVENIR","article_modified_time":"2025-03-12T09:02:37+00:00","twitter_card":"summary_large_image","twitter_misc":{"Est. reading time":"1 minute"},"schema":{"@context":"https:\/\/schema.org","@graph":[{"@type":"WebPage","@id":"https:\/\/avenir.cd\/composantes\/gestion-du-projet\/","url":"https:\/\/avenir.cd\/composantes\/gestion-du-projet\/","name":"Gestion du projet - AVENIR","isPartOf":{"@id":"https:\/\/avenir.cd\/#website"},"datePublished":"2025-03-10T20:57:49+00:00","dateModified":"2025-03-12T09:02:37+00:00","breadcrumb":{"@id":"https:\/\/avenir.cd\/composantes\/gestion-du-projet\/#breadcrumb"},"inLanguage":"en-US","potentialAction":[{"@type":"ReadAction","target":["https:\/\/avenir.cd\/composantes\/gestion-du-projet\/"]}]},{"@type":"BreadcrumbList","@id":"https:\/\/avenir.cd\/composantes\/gestion-du-projet\/#breadcrumb","itemListElement":[{"@type":"ListItem","position":1,"name":"Accueil","item":"https:\/\/avenir.cd\/"},{"@type":"ListItem","position":2,"name":"Composantes","item":"https:\/\/avenir.cd\/composantes\/"},{"@type":"ListItem","position":3,"name":"Gestion du projet"}]},{"@type":"WebSite","@id":"https:\/\/avenir.cd\/#website","url":"https:\/\/avenir.cd\/","name":"AVENIR","description":"Apporter la croissance \u00e0 l&#039;entrepreneuriat agricole inclusif et r\u00e9silient","publisher":{"@id":"https:\/\/avenir.cd\/#organization"},"potentialAction":[{"@type":"SearchAction","target":{"@type":"EntryPoint","urlTemplate":"https:\/\/avenir.cd\/?s={search_term_string}"},"query-input":{"@type":"PropertyValueSpecification","valueRequired":true,"valueName":"search_term_string"}}],"inLanguage":"en-US"},{"@type":"Organization","@id":"https:\/\/avenir.cd\/#organization","name":"AVENIR","url":"https:\/\/avenir.cd\/","logo":{"@type":"ImageObject","inLanguage":"en-US","@id":"https:\/\/avenir.cd\/#\/schema\/logo\/image\/","url":"https:\/\/avenir.cd\/wp-content\/uploads\/2022\/07\/Logos-Ministeres-AGRICULTURE-white.png","contentUrl":"https:\/\/avenir.cd\/wp-content\/uploads\/2022\/07\/Logos-Ministeres-AGRICULTURE-white.png","width":604,"height":170,"caption":"AVENIR"},"image":{"@id":"https:\/\/avenir.cd\/#\/schema\/logo\/image\/"}}]}},"_links":{"self":[{"href":"https:\/\/avenir.cd\/en\/wp-json\/wp\/v2\/pages\/5983","targetHints":{"allow":["GET"]}}],"collection":[{"href":"https:\/\/avenir.cd\/en\/wp-json\/wp\/v2\/pages"}],"about":[{"href":"https:\/\/avenir.cd\/en\/wp-json\/wp\/v2\/types\/page"}],"author":[{"embeddable":true,"href":"https:\/\/avenir.cd\/en\/wp-json\/wp\/v2\/users\/1"}],"replies":[{"embeddable":true,"href":"https:\/\/avenir.cd\/en\/wp-json\/wp\/v2\/comments?post=5983"}],"version-history":[{"count":4,"href":"https:\/\/avenir.cd\/en\/wp-json\/wp\/v2\/pages\/5983\/revisions"}],"predecessor-version":[{"id":5998,"href":"https:\/\/avenir.cd\/en\/wp-json\/wp\/v2\/pages\/5983\/revisions\/5998"}],"up":[{"embeddable":true,"href":"https:\/\/avenir.cd\/en\/wp-json\/wp\/v2\/pages\/4175"}],"wp:attachment":[{"href":"https:\/\/avenir.cd\/en\/wp-json\/wp\/v2\/media?parent=5983"}],"curies":[{"name":"wp","href":"https:\/\/api.w.org\/{rel}","templated":true}]}}