{"id":5517,"date":"2025-03-02T21:36:22","date_gmt":"2025-03-02T20:36:22","guid":{"rendered":"https:\/\/avenir.cd\/?page_id=5517"},"modified":"2025-03-05T10:10:51","modified_gmt":"2025-03-05T09:10:51","slug":"gestion-durable-des-bassins-de-productions","status":"publish","type":"page","link":"https:\/\/avenir.cd\/en\/composantes\/gestion-durable-des-bassins-de-productions\/","title":{"rendered":"Sustainable management of production areas"},"content":{"rendered":"<div data-elementor-type=\"wp-page\" data-elementor-id=\"5517\" class=\"elementor elementor-5517\" data-elementor-post-type=\"page\">\n\t\t\t\t\t\t<section class=\"elementor-section elementor-top-section elementor-element elementor-element-38e0688 elementor-section-boxed elementor-section-height-default elementor-section-height-default\" data-id=\"38e0688\" data-element_type=\"section\" data-settings=\"{&quot;background_background&quot;:&quot;classic&quot;,&quot;ekit_has_onepagescroll_dot&quot;:&quot;yes&quot;}\">\n\t\t\t\t\t\t<div class=\"elementor-container elementor-column-gap-default\">\n\t\t\t\t\t<div class=\"elementor-column elementor-col-100 elementor-top-column elementor-element elementor-element-6c5ff1f\" data-id=\"6c5ff1f\" data-element_type=\"column\">\n\t\t\t<div class=\"elementor-widget-wrap elementor-element-populated\">\n\t\t\t\t\t\t<div class=\"elementor-element elementor-element-aa38e3f elementor-widget elementor-widget-spacer\" data-id=\"aa38e3f\" data-element_type=\"widget\" data-settings=\"{&quot;ekit_we_effect_on&quot;:&quot;none&quot;}\" data-widget_type=\"spacer.default\">\n\t\t\t\t<div class=\"elementor-widget-container\">\n\t\t\t\t\t<div class=\"elementor-spacer\">\n\t\t\t<div class=\"elementor-spacer-inner\"><\/div>\n\t\t<\/div>\n\t\t\t\t<\/div>\n\t\t\t\t<\/div>\n\t\t\t\t\t<\/div>\n\t\t<\/div>\n\t\t\t\t\t<\/div>\n\t\t<\/section>\n\t\t\t\t<section class=\"elementor-section elementor-top-section elementor-element elementor-element-00f4f18 elementor-section-boxed elementor-section-height-default elementor-section-height-default\" data-id=\"00f4f18\" data-element_type=\"section\" data-settings=\"{&quot;ekit_has_onepagescroll_dot&quot;:&quot;yes&quot;}\">\n\t\t\t\t\t\t<div class=\"elementor-container elementor-column-gap-default\">\n\t\t\t\t\t<div class=\"elementor-column elementor-col-100 elementor-top-column elementor-element elementor-element-d5d04cf\" data-id=\"d5d04cf\" data-element_type=\"column\">\n\t\t\t<div class=\"elementor-widget-wrap elementor-element-populated\">\n\t\t\t\t\t\t<section class=\"elementor-section elementor-inner-section elementor-element elementor-element-6f69c61 elementor-section-boxed elementor-section-height-default elementor-section-height-default\" data-id=\"6f69c61\" data-element_type=\"section\" data-settings=\"{&quot;background_background&quot;:&quot;classic&quot;,&quot;ekit_has_onepagescroll_dot&quot;:&quot;yes&quot;}\">\n\t\t\t\t\t\t<div class=\"elementor-container elementor-column-gap-default\">\n\t\t\t\t\t<div class=\"elementor-column elementor-col-100 elementor-inner-column elementor-element elementor-element-ad3402d\" data-id=\"ad3402d\" data-element_type=\"column\">\n\t\t\t<div class=\"elementor-widget-wrap elementor-element-populated\">\n\t\t\t\t\t\t<div class=\"elementor-element elementor-element-4466670 align-center heading-style-1 elementor-widget elementor-widget-mae-headings\" data-id=\"4466670\" data-element_type=\"widget\" data-settings=\"{&quot;ekit_we_effect_on&quot;:&quot;none&quot;}\" data-widget_type=\"mae-headings.default\">\n\t\t\t\t<div class=\"elementor-widget-container\">\n\t\t\t\t\t<div class=\"master-heading sep-before\">\n\t\t\t\t        \t        \t<div class=\"pre-heading\"><span class=\"line\"><span class=\"inner\"><\/span><\/span>AVENIR<\/div>\n\t        \n\t        <div class=\"sep\"><\/div>\n\t        \t        <h2 class=\"main-heading\">Sustainable management of production areas<\/h2>\n\t        \n\t        \n\t        \t    <\/div>\n\t    \t\t<\/div>\n\t\t\t\t<\/div>\n\t\t\t\t\t<\/div>\n\t\t<\/div>\n\t\t\t\t\t<\/div>\n\t\t<\/section>\n\t\t\t\t\t<\/div>\n\t\t<\/div>\n\t\t\t\t\t<\/div>\n\t\t<\/section>\n\t\t\t\t<section class=\"elementor-section elementor-top-section elementor-element elementor-element-d20bfe7 elementor-section-boxed elementor-section-height-default elementor-section-height-default\" data-id=\"d20bfe7\" data-element_type=\"section\" data-settings=\"{&quot;ekit_has_onepagescroll_dot&quot;:&quot;yes&quot;}\">\n\t\t\t\t\t\t<div class=\"elementor-container elementor-column-gap-default\">\n\t\t\t\t\t<div class=\"elementor-column elementor-col-100 elementor-top-column elementor-element elementor-element-d17a497\" data-id=\"d17a497\" data-element_type=\"column\">\n\t\t\t<div class=\"elementor-widget-wrap elementor-element-populated\">\n\t\t\t\t\t\t<section class=\"elementor-section elementor-inner-section elementor-element elementor-element-77f7c48 elementor-section-boxed elementor-section-height-default elementor-section-height-default\" data-id=\"77f7c48\" data-element_type=\"section\" data-settings=\"{&quot;ekit_has_onepagescroll_dot&quot;:&quot;yes&quot;}\">\n\t\t\t\t\t\t<div class=\"elementor-container elementor-column-gap-default\">\n\t\t\t\t\t<div class=\"elementor-column elementor-col-100 elementor-inner-column elementor-element elementor-element-912cea8\" data-id=\"912cea8\" data-element_type=\"column\">\n\t\t\t<div class=\"elementor-widget-wrap elementor-element-populated\">\n\t\t\t\t\t\t<div class=\"elementor-element elementor-element-ab7b909 elementor-widget elementor-widget-elementskit-timeline\" data-id=\"ab7b909\" data-element_type=\"widget\" data-settings=\"{&quot;ekit_we_effect_on&quot;:&quot;none&quot;}\" data-widget_type=\"elementskit-timeline.default\">\n\t\t\t\t<div class=\"elementor-widget-container\">\n\t\t\t<div class=\"ekit-wid-con\" >        <div class=\"timeline-area vertical-timeline multi-gradient floating-style bothside\" > \n\n         \n                    <div class=\"single-timeline media single-timeline-count-1 elementor-repeater-item-75bbf85\" >\n                            <div class=\"timeline-item media elementskit-invisible\" data-settings=\"{&quot;_animation&quot;:&quot;fadeInLeft&quot;}\">\n                                <div class=\"timeline-content\">\n\n                                     \n                                                                            <h3 class=\"title\">Support for improving the production, availability and quality of genetic material (seeds, fry, breeding stock)<\/h3>\n                                    \n                                                                  <p>The Project supports the production of improved genetic material through support for the entrepreneurial development of players in the seed sector and the supply of breeding stock for small livestock farming (poultry, pigs, goats, rabbit farming). In partnership with the National Institute for Agronomic Study and Research (INERA), and the support of a specialized international partner, the Project facilitates the production of basic and pre-basic seeds for the main food and market crops as well as fry. \nA partnership is established with SENASEM to ensure the traceability and certification of seeds, the inventory of multipliers and their technical supervision. The Project supports the structuring of seed multipliers seed networks, to improve the availability and marketing of quality seeds on the markets. Around 450 multipliers (18 per basin) and at least 20 fish farmer organizations will be supported.\n<\/p>\n                              \n\n\n                            \n                                <\/div><!-- .timeline-content END -->\n                                                                 <div class=\"timeline-icon\">\n                                <i aria-hidden=\"true\" class=\"agi agi-plant\"><\/i>                                <\/div>\n\n                                                        <div class=\"watermark-icon\">\n                                <i aria-hidden=\"true\" class=\"agi agi-plant\"><\/i>                            <\/div>\n                                                          <div class=\"timeline-pin\"><\/div>\n                            <\/div><!-- .timeline-item .media END -->\n\n                    \n                    <div class=\"timeline-info elementskit-invisible\" data-settings=\"{&quot;_animation&quot;:&quot;fadeInRight&quot;}\">\n                    \n                    <h4 class=\"date\">\n                                        Section 1.2.1 <\/h4>\n\n                                         <\/div>\n\n                                    <div class=\"timeline-img\"><\/div>\n\n\n           \n                        <\/div><!-- .single-timeline .media END -->\n       \n                    <div class=\"single-timeline media single-timeline-count-2 elementor-repeater-item-d1c3e5e\" >\n                            <div class=\"timeline-item media elementskit-invisible\" data-settings=\"{&quot;_animation&quot;:&quot;fadeInLeft&quot;}\">\n                                <div class=\"timeline-content\">\n\n                                     \n                                                                            <h3 class=\"title\">Agricultural extension and training of producers\/fish farmers<\/h3>\n                                    \n                                                                  <p>In order to ensure the adoption of technical itineraries, the establishment of farmer field schools (CEP) gives priority to the agricultural products most in demand on the semi-wholesale markets. Around 2,300 CEPs will affect a total of 63,000 producers on i) climate-smart technical routes, ii) the introduction of small mechanization and adapted tools and, iii) integrated pest control. The CEPs may be, depending on the context: i) agroforestry (40%); ii) traditional for food crops and market gardening (35% of the total); iii) agro-pastoral (CEAP) (20%) including coordination with small livestock farming; iv) fish farming59 (5%). All will include modules strengthening nutritional security. Existing demonstration sites from specialized private or public technical partners will be leveraged as a source of innovation. \nThe Project also complements the training of agricultural advisors (decentralized technical services and POs) on the aspects covered in the CEPs. The provincial technical services will monitor activities and will also be responsible for the dissemination of innovative techniques and good practices in neighboring communities. \n<\/p>\n                              \n\n\n                            \n                                <\/div><!-- .timeline-content END -->\n                                                                 <div class=\"timeline-icon\">\n                                <i aria-hidden=\"true\" class=\"agi agi-farmer\"><\/i>                                <\/div>\n\n                                                        <div class=\"watermark-icon\">\n                                <i aria-hidden=\"true\" class=\"agi agi-farmer\"><\/i>                            <\/div>\n                                                          <div class=\"timeline-pin\"><\/div>\n                            <\/div><!-- .timeline-item .media END -->\n\n                    \n                    <div class=\"timeline-info elementskit-invisible\" data-settings=\"{&quot;_animation&quot;:&quot;fadeInRight&quot;}\">\n                    \n                    <h4 class=\"date\">\n                                        Volet 1.2.2 <\/h4>\n\n                                         <\/div>\n\n                                    <div class=\"timeline-img\"><\/div>\n\n\n           \n                        <\/div><!-- .single-timeline .media END -->\n       \n                    <div class=\"single-timeline media single-timeline-count-3 elementor-repeater-item-7373b82\" >\n                            <div class=\"timeline-item media elementskit-invisible\" data-settings=\"{&quot;_animation&quot;:&quot;fadeInLeft&quot;}\">\n                                <div class=\"timeline-content\">\n\n                                     \n                                                                            <h3 class=\"title\">Development of small adapted mechanization  <\/h3>\n                                    \n                                                                  <p>In order to reduce the heavy workload and in response to the needs of producers, while ensuring the promotion of soil conservation practices, the AVENIR Project supports the use of adapted agricultural tools and small mechanization (motor tillers) in family farming through: (i) the use of youth associations\/cooperatives, agricultural service providers (at least one initiative per basin); (ii) support for local crafts (at least one initiative per market); (iii) dissemination of mechanized tests in CEPs and demonstration sites; and (iv) constant exchanges between producers and artisans during technical events. This activity is eligible for support for entrepreneurial initiatives (sub-component 1.4). <\/p>\n                              \n\n\n                            \n                                <\/div><!-- .timeline-content END -->\n                                                                 <div class=\"timeline-icon\">\n                                <i aria-hidden=\"true\" class=\"agi agi-milk\"><\/i>                                <\/div>\n\n                                                        <div class=\"watermark-icon\">\n                                <i aria-hidden=\"true\" class=\"agi agi-milk\"><\/i>                            <\/div>\n                                                          <div class=\"timeline-pin\"><\/div>\n                            <\/div><!-- .timeline-item .media END -->\n\n                    \n                    <div class=\"timeline-info elementskit-invisible\" data-settings=\"{&quot;_animation&quot;:&quot;fadeInRight&quot;}\">\n                    \n                    <h4 class=\"date\">\n                                        Section 1.1.3 <\/h4>\n\n                                         <\/div>\n\n                                    <div class=\"timeline-img\"><\/div>\n\n\n           \n                        <\/div><!-- .single-timeline .media END -->\n           <div class=\"timeline-bar\"><\/div>\n    <\/div><\/div>\t\t<\/div>\n\t\t\t\t<\/div>\n\t\t\t\t\t<\/div>\n\t\t<\/div>\n\t\t\t\t\t<\/div>\n\t\t<\/section>\n\t\t\t\t\t<\/div>\n\t\t<\/div>\n\t\t\t\t\t<\/div>\n\t\t<\/section>\n\t\t\t\t<\/div>","protected":false},"excerpt":{"rendered":"<p>AVENIR Gestion durable des bassins de productions Appui \u00e0 l&rsquo;am\u00e9lioration de la production, de la disponibilit\u00e9 et de la qualit\u00e9 de mat\u00e9riel g\u00e9n\u00e9tique (semences, alevins, reproducteurs) Le Projet appuie la production de mat\u00e9riel g\u00e9n\u00e9tique am\u00e9lior\u00e9 par un soutien au d\u00e9veloppement entrepreneurial des acteurs de la fili\u00e8re semenci\u00e8re et la fourniture<\/p>","protected":false},"author":1,"featured_media":0,"parent":4175,"menu_order":0,"comment_status":"closed","ping_status":"closed","template":"","meta":{"inline_featured_image":false,"footnotes":""},"class_list":["post-5517","page","type-page","status-publish","hentry"],"yoast_head":"<!-- This site is optimized with the Yoast SEO Premium plugin v25.7.1 (Yoast SEO v26.1) - https:\/\/yoast.com\/wordpress\/plugins\/seo\/ -->\n<title>Gestion durable des bassins de productions - AVENIR<\/title>\n<meta name=\"robots\" content=\"index, follow, max-snippet:-1, max-image-preview:large, max-video-preview:-1\" \/>\n<link rel=\"canonical\" href=\"https:\/\/avenir.cd\/en\/composantes\/gestion-durable-des-bassins-de-productions\/\" \/>\n<meta property=\"og:locale\" content=\"en_US\" \/>\n<meta property=\"og:type\" content=\"article\" \/>\n<meta property=\"og:title\" content=\"Gestion durable des bassins de productions\" \/>\n<meta property=\"og:description\" content=\"AVENIR Gestion durable des bassins de productions Appui \u00e0 l&rsquo;am\u00e9lioration de la production, de la disponibilit\u00e9 et de la qualit\u00e9 de mat\u00e9riel g\u00e9n\u00e9tique (semences, alevins, reproducteurs) Le Projet appuie la production de mat\u00e9riel g\u00e9n\u00e9tique am\u00e9lior\u00e9 par un soutien au d\u00e9veloppement entrepreneurial des acteurs de la fili\u00e8re semenci\u00e8re et la fourniture\" \/>\n<meta property=\"og:url\" content=\"https:\/\/avenir.cd\/en\/composantes\/gestion-durable-des-bassins-de-productions\/\" \/>\n<meta property=\"og:site_name\" content=\"AVENIR\" \/>\n<meta property=\"article:modified_time\" content=\"2025-03-05T09:10:51+00:00\" \/>\n<meta name=\"twitter:card\" content=\"summary_large_image\" \/>\n<meta name=\"twitter:label1\" content=\"Est. reading time\" \/>\n\t<meta name=\"twitter:data1\" content=\"3 minutes\" \/>\n<script type=\"application\/ld+json\" class=\"yoast-schema-graph\">{\"@context\":\"https:\/\/schema.org\",\"@graph\":[{\"@type\":\"WebPage\",\"@id\":\"https:\/\/avenir.cd\/composantes\/gestion-durable-des-bassins-de-productions\/\",\"url\":\"https:\/\/avenir.cd\/composantes\/gestion-durable-des-bassins-de-productions\/\",\"name\":\"Gestion durable des bassins de productions - AVENIR\",\"isPartOf\":{\"@id\":\"https:\/\/avenir.cd\/#website\"},\"datePublished\":\"2025-03-02T20:36:22+00:00\",\"dateModified\":\"2025-03-05T09:10:51+00:00\",\"breadcrumb\":{\"@id\":\"https:\/\/avenir.cd\/composantes\/gestion-durable-des-bassins-de-productions\/#breadcrumb\"},\"inLanguage\":\"en-US\",\"potentialAction\":[{\"@type\":\"ReadAction\",\"target\":[\"https:\/\/avenir.cd\/composantes\/gestion-durable-des-bassins-de-productions\/\"]}]},{\"@type\":\"BreadcrumbList\",\"@id\":\"https:\/\/avenir.cd\/composantes\/gestion-durable-des-bassins-de-productions\/#breadcrumb\",\"itemListElement\":[{\"@type\":\"ListItem\",\"position\":1,\"name\":\"Accueil\",\"item\":\"https:\/\/avenir.cd\/\"},{\"@type\":\"ListItem\",\"position\":2,\"name\":\"Composantes\",\"item\":\"https:\/\/avenir.cd\/composantes\/\"},{\"@type\":\"ListItem\",\"position\":3,\"name\":\"Gestion durable des bassins de productions\"}]},{\"@type\":\"WebSite\",\"@id\":\"https:\/\/avenir.cd\/#website\",\"url\":\"https:\/\/avenir.cd\/\",\"name\":\"AVENIR\",\"description\":\"Apporter la croissance \u00e0 l&#039;entrepreneuriat agricole inclusif et r\u00e9silient\",\"publisher\":{\"@id\":\"https:\/\/avenir.cd\/#organization\"},\"potentialAction\":[{\"@type\":\"SearchAction\",\"target\":{\"@type\":\"EntryPoint\",\"urlTemplate\":\"https:\/\/avenir.cd\/?s={search_term_string}\"},\"query-input\":{\"@type\":\"PropertyValueSpecification\",\"valueRequired\":true,\"valueName\":\"search_term_string\"}}],\"inLanguage\":\"en-US\"},{\"@type\":\"Organization\",\"@id\":\"https:\/\/avenir.cd\/#organization\",\"name\":\"AVENIR\",\"url\":\"https:\/\/avenir.cd\/\",\"logo\":{\"@type\":\"ImageObject\",\"inLanguage\":\"en-US\",\"@id\":\"https:\/\/avenir.cd\/#\/schema\/logo\/image\/\",\"url\":\"https:\/\/avenir.cd\/wp-content\/uploads\/2022\/07\/Logos-Ministeres-AGRICULTURE-white.png\",\"contentUrl\":\"https:\/\/avenir.cd\/wp-content\/uploads\/2022\/07\/Logos-Ministeres-AGRICULTURE-white.png\",\"width\":604,\"height\":170,\"caption\":\"AVENIR\"},\"image\":{\"@id\":\"https:\/\/avenir.cd\/#\/schema\/logo\/image\/\"}}]}<\/script>\n<!-- \/ Yoast SEO Premium plugin. -->","yoast_head_json":{"title":"Gestion durable des bassins de productions - AVENIR","robots":{"index":"index","follow":"follow","max-snippet":"max-snippet:-1","max-image-preview":"max-image-preview:large","max-video-preview":"max-video-preview:-1"},"canonical":"https:\/\/avenir.cd\/en\/composantes\/gestion-durable-des-bassins-de-productions\/","og_locale":"en_US","og_type":"article","og_title":"Gestion durable des bassins de productions","og_description":"AVENIR Gestion durable des bassins de productions Appui \u00e0 l&rsquo;am\u00e9lioration de la production, de la disponibilit\u00e9 et de la qualit\u00e9 de mat\u00e9riel g\u00e9n\u00e9tique (semences, alevins, reproducteurs) Le Projet appuie la production de mat\u00e9riel g\u00e9n\u00e9tique am\u00e9lior\u00e9 par un soutien au d\u00e9veloppement entrepreneurial des acteurs de la fili\u00e8re semenci\u00e8re et la fourniture","og_url":"https:\/\/avenir.cd\/en\/composantes\/gestion-durable-des-bassins-de-productions\/","og_site_name":"AVENIR","article_modified_time":"2025-03-05T09:10:51+00:00","twitter_card":"summary_large_image","twitter_misc":{"Est. reading time":"3 minutes"},"schema":{"@context":"https:\/\/schema.org","@graph":[{"@type":"WebPage","@id":"https:\/\/avenir.cd\/composantes\/gestion-durable-des-bassins-de-productions\/","url":"https:\/\/avenir.cd\/composantes\/gestion-durable-des-bassins-de-productions\/","name":"Gestion durable des bassins de productions - AVENIR","isPartOf":{"@id":"https:\/\/avenir.cd\/#website"},"datePublished":"2025-03-02T20:36:22+00:00","dateModified":"2025-03-05T09:10:51+00:00","breadcrumb":{"@id":"https:\/\/avenir.cd\/composantes\/gestion-durable-des-bassins-de-productions\/#breadcrumb"},"inLanguage":"en-US","potentialAction":[{"@type":"ReadAction","target":["https:\/\/avenir.cd\/composantes\/gestion-durable-des-bassins-de-productions\/"]}]},{"@type":"BreadcrumbList","@id":"https:\/\/avenir.cd\/composantes\/gestion-durable-des-bassins-de-productions\/#breadcrumb","itemListElement":[{"@type":"ListItem","position":1,"name":"Accueil","item":"https:\/\/avenir.cd\/"},{"@type":"ListItem","position":2,"name":"Composantes","item":"https:\/\/avenir.cd\/composantes\/"},{"@type":"ListItem","position":3,"name":"Gestion durable des bassins de productions"}]},{"@type":"WebSite","@id":"https:\/\/avenir.cd\/#website","url":"https:\/\/avenir.cd\/","name":"AVENIR","description":"Apporter la croissance \u00e0 l&#039;entrepreneuriat agricole inclusif et r\u00e9silient","publisher":{"@id":"https:\/\/avenir.cd\/#organization"},"potentialAction":[{"@type":"SearchAction","target":{"@type":"EntryPoint","urlTemplate":"https:\/\/avenir.cd\/?s={search_term_string}"},"query-input":{"@type":"PropertyValueSpecification","valueRequired":true,"valueName":"search_term_string"}}],"inLanguage":"en-US"},{"@type":"Organization","@id":"https:\/\/avenir.cd\/#organization","name":"AVENIR","url":"https:\/\/avenir.cd\/","logo":{"@type":"ImageObject","inLanguage":"en-US","@id":"https:\/\/avenir.cd\/#\/schema\/logo\/image\/","url":"https:\/\/avenir.cd\/wp-content\/uploads\/2022\/07\/Logos-Ministeres-AGRICULTURE-white.png","contentUrl":"https:\/\/avenir.cd\/wp-content\/uploads\/2022\/07\/Logos-Ministeres-AGRICULTURE-white.png","width":604,"height":170,"caption":"AVENIR"},"image":{"@id":"https:\/\/avenir.cd\/#\/schema\/logo\/image\/"}}]}},"_links":{"self":[{"href":"https:\/\/avenir.cd\/en\/wp-json\/wp\/v2\/pages\/5517","targetHints":{"allow":["GET"]}}],"collection":[{"href":"https:\/\/avenir.cd\/en\/wp-json\/wp\/v2\/pages"}],"about":[{"href":"https:\/\/avenir.cd\/en\/wp-json\/wp\/v2\/types\/page"}],"author":[{"embeddable":true,"href":"https:\/\/avenir.cd\/en\/wp-json\/wp\/v2\/users\/1"}],"replies":[{"embeddable":true,"href":"https:\/\/avenir.cd\/en\/wp-json\/wp\/v2\/comments?post=5517"}],"version-history":[{"count":13,"href":"https:\/\/avenir.cd\/en\/wp-json\/wp\/v2\/pages\/5517\/revisions"}],"predecessor-version":[{"id":5806,"href":"https:\/\/avenir.cd\/en\/wp-json\/wp\/v2\/pages\/5517\/revisions\/5806"}],"up":[{"embeddable":true,"href":"https:\/\/avenir.cd\/en\/wp-json\/wp\/v2\/pages\/4175"}],"wp:attachment":[{"href":"https:\/\/avenir.cd\/en\/wp-json\/wp\/v2\/media?parent=5517"}],"curies":[{"name":"wp","href":"https:\/\/api.w.org\/{rel}","templated":true}]}}